{"id":9311,"date":"2024-08-16T19:42:48","date_gmt":"2024-08-16T19:42:48","guid":{"rendered":"https:\/\/couffinbebe.com\/wp\/?post_type=product&#038;p=9311"},"modified":"2026-03-29T07:26:52","modified_gmt":"2026-03-29T07:26:52","slug":"couffin-bebe-modele-simple","status":"publish","type":"product","link":"https:\/\/couffinbebe.com\/wp\/produit\/couffin-bebe-modele-simple\/","title":{"rendered":"Couffin b\u00e9b\u00e9 mod\u00e8le demi chapeau"},"content":{"rendered":"<p>Apr\u00e8s la naissance; un nouveau n\u00e9 a besoin d\u2019\u00eatre gard\u00e9 au chaud et se sentir au s\u00e9curit\u00e9 c\u2019est pour ces raisons nous vous proposons des Couffins b\u00e9b\u00e9 Fait mains en crochet avec beaucoup d\u2019amour<\/p>\n<ul>\n<li>Le Matelas est fourni avec le couffin; l&rsquo;\u00e9paisseur de matelas et de 5cm (confortable pour un b\u00e9b\u00e9 )<\/li>\n<li>Deux tailles disponibles:  70\/35cm peut servir jusqu\u2019\u00e0 5 mois<br \/>\n75\/35cm peut servir jusqu&rsquo;\u00e0 7 mois <\/li>\n<li>La base du couffin est en bois et elle est tr\u00e8s solide<\/li>\n<\/ul>\n<p>Si vous souhaitez une couleur particuli\u00e8re veuillez nous \u00e9crire pour voir la possibilit\u00e9 de le r\u00e9aliser.<\/p>\n<p>Entretien: vous pouvez nettoyer le couffin avec des lingettes, le matelas passe en machine mais pas de s\u00e8che linge<\/p>\n<p>d\u00e9lai de livraison; deux semaines<\/p>\n","protected":false},"excerpt":{"rendered":"<p>Apr\u00e8s la naissance; un nouveau n\u00e9 a besoin d\u2019\u00eatre gard\u00e9 au chaud et se sentir au s\u00e9curit\u00e9 c\u2019est pour ces raisons nous vous proposons des Couffins b\u00e9b\u00e9 Fait mains en crochet avec beaucoup d\u2019amour Le Matelas est fourni avec le couffin; l&rsquo;\u00e9paisseur de matelas et de 5cm (confortable pour un b\u00e9b\u00e9 ) Deux tailles disponibles: &hellip; <br \/><a href=\"https:\/\/couffinbebe.com\/wp\/produit\/couffin-bebe-modele-simple\/\" class=\"more-link\">Continue reading <span class=\"screen-reader-text\">Couffin b\u00e9b\u00e9 mod\u00e8le demi chapeau<\/span><\/a><\/p>\n","protected":false},"featured_media":9328,"comment_status":"open","ping_status":"closed","template":"","meta":{"om_disable_all_campaigns":false,"_monsterinsights_skip_tracking":false,"_monsterinsights_sitenote_active":false,"_monsterinsights_sitenote_note":"","_monsterinsights_sitenote_category":0},"product_brand":[],"product_cat":[75],"product_tag":[],"class_list":{"0":"post-9311","1":"product","2":"type-product","3":"status-publish","4":"has-post-thumbnail","6":"product_cat-couffins_prets","7":"product_shipping_class-5kg","9":"first","10":"instock","11":"shipping-taxable","12":"purchasable","13":"product-type-variable"},"aioseo_notices":[],"_links":{"self":[{"href":"https:\/\/couffinbebe.com\/wp\/wp-json\/wp\/v2\/product\/9311","targetHints":{"allow":["GET"]}}],"collection":[{"href":"https:\/\/couffinbebe.com\/wp\/wp-json\/wp\/v2\/product"}],"about":[{"href":"https:\/\/couffinbebe.com\/wp\/wp-json\/wp\/v2\/types\/product"}],"replies":[{"embeddable":true,"href":"https:\/\/couffinbebe.com\/wp\/wp-json\/wp\/v2\/comments?post=9311"}],"version-history":[{"count":5,"href":"https:\/\/couffinbebe.com\/wp\/wp-json\/wp\/v2\/product\/9311\/revisions"}],"predecessor-version":[{"id":9634,"href":"https:\/\/couffinbebe.com\/wp\/wp-json\/wp\/v2\/product\/9311\/revisions\/9634"}],"wp:featuredmedia":[{"embeddable":true,"href":"https:\/\/couffinbebe.com\/wp\/wp-json\/wp\/v2\/media\/9328"}],"wp:attachment":[{"href":"https:\/\/couffinbebe.com\/wp\/wp-json\/wp\/v2\/media?parent=9311"}],"wp:term":[{"taxonomy":"product_brand","embeddable":true,"href":"https:\/\/couffinbebe.com\/wp\/wp-json\/wp\/v2\/product_brand?post=9311"},{"taxonomy":"product_cat","embeddable":true,"href":"https:\/\/couffinbebe.com\/wp\/wp-json\/wp\/v2\/product_cat?post=9311"},{"taxonomy":"product_tag","embeddable":true,"href":"https:\/\/couffinbebe.com\/wp\/wp-json\/wp\/v2\/product_tag?post=9311"}],"curies":[{"name":"wp","href":"https:\/\/api.w.org\/{rel}","templated":true}]}}