{"id":9073,"date":"2024-08-13T21:37:13","date_gmt":"2024-08-13T21:37:13","guid":{"rendered":"https:\/\/couffinbebe.com\/wp\/?post_type=product&#038;p=9073"},"modified":"2026-03-31T12:12:23","modified_gmt":"2026-03-31T12:12:23","slug":"couverture-bebe","status":"publish","type":"product","link":"https:\/\/couffinbebe.com\/wp\/produit\/couverture-bebe\/","title":{"rendered":"Couverture b\u00e9b\u00e9"},"content":{"rendered":"<p>Tr\u00e8s douce couverture pour b\u00e9b\u00e9<\/p>\n<p>Soins faciles :<\/p>\n<p>&#8211; Lavable en machine \u00e0 30\u00e5\u00bc<\/p>\n<p>&#8211; Ne pas utiliser d&rsquo;eau de javel<\/p>\n<p>&#8211; S\u00e9chage \u00e0 plat ou \u00e0 la machine<\/p>\n<p>&#8211; Nettoyable \u00e0 sec<\/p>\n<p>&#8211; Ne pas repasse Vendus en paquet de 5 pelotes<\/p>\n","protected":false},"excerpt":{"rendered":"<p>Tr\u00e8s douce couverture pour b\u00e9b\u00e9 Soins faciles : &#8211; Lavable en machine \u00e0 30\u00e5\u00bc &#8211; Ne pas utiliser d&rsquo;eau de javel &#8211; S\u00e9chage \u00e0 plat ou \u00e0 la machine &#8211; Nettoyable \u00e0 sec &#8211; Ne pas repasse Vendus en paquet de 5 pelotes<\/p>\n","protected":false},"featured_media":9074,"comment_status":"open","ping_status":"closed","template":"","meta":{"om_disable_all_campaigns":false,"_monsterinsights_skip_tracking":false,"_monsterinsights_sitenote_active":false,"_monsterinsights_sitenote_note":"","_monsterinsights_sitenote_category":0},"product_brand":[],"product_cat":[75],"product_tag":[],"class_list":{"0":"post-9073","1":"product","2":"type-product","3":"status-publish","4":"has-post-thumbnail","6":"product_cat-couffins_prets","7":"product_shipping_class-05kg","9":"first","10":"instock","11":"sale","12":"shipping-taxable","13":"purchasable","14":"product-type-variable"},"aioseo_notices":[],"_links":{"self":[{"href":"https:\/\/couffinbebe.com\/wp\/wp-json\/wp\/v2\/product\/9073","targetHints":{"allow":["GET"]}}],"collection":[{"href":"https:\/\/couffinbebe.com\/wp\/wp-json\/wp\/v2\/product"}],"about":[{"href":"https:\/\/couffinbebe.com\/wp\/wp-json\/wp\/v2\/types\/product"}],"replies":[{"embeddable":true,"href":"https:\/\/couffinbebe.com\/wp\/wp-json\/wp\/v2\/comments?post=9073"}],"version-history":[{"count":1,"href":"https:\/\/couffinbebe.com\/wp\/wp-json\/wp\/v2\/product\/9073\/revisions"}],"predecessor-version":[{"id":9091,"href":"https:\/\/couffinbebe.com\/wp\/wp-json\/wp\/v2\/product\/9073\/revisions\/9091"}],"wp:featuredmedia":[{"embeddable":true,"href":"https:\/\/couffinbebe.com\/wp\/wp-json\/wp\/v2\/media\/9074"}],"wp:attachment":[{"href":"https:\/\/couffinbebe.com\/wp\/wp-json\/wp\/v2\/media?parent=9073"}],"wp:term":[{"taxonomy":"product_brand","embeddable":true,"href":"https:\/\/couffinbebe.com\/wp\/wp-json\/wp\/v2\/product_brand?post=9073"},{"taxonomy":"product_cat","embeddable":true,"href":"https:\/\/couffinbebe.com\/wp\/wp-json\/wp\/v2\/product_cat?post=9073"},{"taxonomy":"product_tag","embeddable":true,"href":"https:\/\/couffinbebe.com\/wp\/wp-json\/wp\/v2\/product_tag?post=9073"}],"curies":[{"name":"wp","href":"https:\/\/api.w.org\/{rel}","templated":true}]}}