{"id":9003,"date":"2024-08-13T20:44:47","date_gmt":"2024-08-13T20:44:47","guid":{"rendered":"https:\/\/couffinbebe.com\/wp\/?post_type=product&#038;p=9003"},"modified":"2026-03-18T13:54:52","modified_gmt":"2026-03-18T13:54:52","slug":"fil-traphilo","status":"publish","type":"product","link":"https:\/\/couffinbebe.com\/wp\/produit\/fil-traphilo\/","title":{"rendered":"Fil traphilo"},"content":{"rendered":"<p>Fil issu du recyclage de tee-shirts. Ils sont r\u00e9cup\u00e9r\u00e9s et coup\u00e9s en lani\u00e8res puis mis en pelotes. Il a l\u2019avantage d\u2019\u00eatre \u00e9pais, \u00e9lastique et tr\u00e8s r\u00e9sistant, ce qui en fait un fil id\u00e9al pour tricoter ou crocheter rapidement toutes vos cr\u00e9ations manuelles.<\/p>\n<p>Que ce soit des accessoires de mode (sacs, bijoux, pochettes\u2026) de d\u00e9co (tapis, paniers, corbeilles, poufs\u2026). ou pu\u00e9ricultrice (couffin b\u00e9b\u00e9, panier a langer..) Poids 600 a 800g largeur 3cm Attention: Ce fil \u00e9tant issu du recyclage de diff\u00e9rents tee-shirts, vous serez susceptibles de trouver des variations de compositions, de couleurs et d\u2019\u00e9paisseurs entre chaque lot. De ce fait, assurez-vous d\u2019acheter toutes les pelotes dont vous avez besoin pour r\u00e9aliser votre ouvrage.<\/p>\n<p>Lavage, entretien : lavage machine 40\u00b0C \/ nettoyage \u00e0 sec<\/p>\n","protected":false},"excerpt":{"rendered":"<p>Fil issu du recyclage de tee-shirts. Ils sont r\u00e9cup\u00e9r\u00e9s et coup\u00e9s en lani\u00e8res puis mis en pelotes. Il a l\u2019avantage d\u2019\u00eatre \u00e9pais, \u00e9lastique et tr\u00e8s r\u00e9sistant, ce qui en fait un fil id\u00e9al pour tricoter ou crocheter rapidement toutes vos cr\u00e9ations manuelles. Que ce soit des accessoires de mode (sacs, bijoux, pochettes\u2026) de d\u00e9co (tapis, &hellip; <br \/><a href=\"https:\/\/couffinbebe.com\/wp\/produit\/fil-traphilo\/\" class=\"more-link\">Continue reading <span class=\"screen-reader-text\">Fil traphilo<\/span><\/a><\/p>\n","protected":false},"featured_media":9035,"comment_status":"open","ping_status":"closed","template":"","meta":{"om_disable_all_campaigns":false,"_monsterinsights_skip_tracking":false,"_monsterinsights_sitenote_active":false,"_monsterinsights_sitenote_note":"","_monsterinsights_sitenote_category":0},"product_brand":[],"product_cat":[77],"product_tag":[],"class_list":{"0":"post-9003","1":"product","2":"type-product","3":"status-publish","4":"has-post-thumbnail","6":"product_cat-materiel","7":"product_shipping_class-05kg","9":"first","10":"instock","11":"sale","12":"shipping-taxable","13":"purchasable","14":"product-type-variable"},"aioseo_notices":[],"_links":{"self":[{"href":"https:\/\/couffinbebe.com\/wp\/wp-json\/wp\/v2\/product\/9003","targetHints":{"allow":["GET"]}}],"collection":[{"href":"https:\/\/couffinbebe.com\/wp\/wp-json\/wp\/v2\/product"}],"about":[{"href":"https:\/\/couffinbebe.com\/wp\/wp-json\/wp\/v2\/types\/product"}],"replies":[{"embeddable":true,"href":"https:\/\/couffinbebe.com\/wp\/wp-json\/wp\/v2\/comments?post=9003"}],"version-history":[{"count":1,"href":"https:\/\/couffinbebe.com\/wp\/wp-json\/wp\/v2\/product\/9003\/revisions"}],"predecessor-version":[{"id":9044,"href":"https:\/\/couffinbebe.com\/wp\/wp-json\/wp\/v2\/product\/9003\/revisions\/9044"}],"wp:featuredmedia":[{"embeddable":true,"href":"https:\/\/couffinbebe.com\/wp\/wp-json\/wp\/v2\/media\/9035"}],"wp:attachment":[{"href":"https:\/\/couffinbebe.com\/wp\/wp-json\/wp\/v2\/media?parent=9003"}],"wp:term":[{"taxonomy":"product_brand","embeddable":true,"href":"https:\/\/couffinbebe.com\/wp\/wp-json\/wp\/v2\/product_brand?post=9003"},{"taxonomy":"product_cat","embeddable":true,"href":"https:\/\/couffinbebe.com\/wp\/wp-json\/wp\/v2\/product_cat?post=9003"},{"taxonomy":"product_tag","embeddable":true,"href":"https:\/\/couffinbebe.com\/wp\/wp-json\/wp\/v2\/product_tag?post=9003"}],"curies":[{"name":"wp","href":"https:\/\/api.w.org\/{rel}","templated":true}]}}