{"id":8988,"date":"2024-08-13T14:42:08","date_gmt":"2024-08-13T14:42:08","guid":{"rendered":"https:\/\/couffinbebe.com\/wp\/?post_type=product&#038;p=8988"},"modified":"2024-08-13T15:12:01","modified_gmt":"2024-08-13T15:12:01","slug":"patron-couffin-simple","status":"publish","type":"product","link":"https:\/\/couffinbebe.com\/wp\/produit\/patron-couffin-simple\/","title":{"rendered":"Patron couffin simple"},"content":{"rendered":"<p>un patron d\u00e9taill\u00e9 qui vous explique toutes les \u00e9tapes \u00e0 suivre pour r\u00e9aliser un couffin b\u00e9b\u00e9 ou berceau b\u00e9b\u00e9 en crochet avec une base en bois. La dimension du couffin est de 70*35cm hauteur environ 20cm<\/p>\n","protected":false},"excerpt":{"rendered":"<p>un patron d\u00e9taill\u00e9 qui vous explique toutes les \u00e9tapes \u00e0 suivre pour r\u00e9aliser un couffin b\u00e9b\u00e9 ou berceau b\u00e9b\u00e9 en crochet avec une base en bois. La dimension du couffin est de 70*35cm hauteur environ 20cm<\/p>\n","protected":false},"featured_media":8998,"comment_status":"open","ping_status":"closed","template":"","meta":{"om_disable_all_campaigns":false,"_monsterinsights_skip_tracking":false,"_monsterinsights_sitenote_active":false,"_monsterinsights_sitenote_note":"","_monsterinsights_sitenote_category":0},"product_brand":[],"product_cat":[78],"product_tag":[],"class_list":{"0":"post-8988","1":"product","2":"type-product","3":"status-publish","4":"has-post-thumbnail","6":"product_cat-patrons","8":"first","9":"instock","10":"sale","11":"downloadable","12":"shipping-taxable","13":"purchasable","14":"product-type-simple"},"aioseo_notices":[],"_links":{"self":[{"href":"https:\/\/couffinbebe.com\/wp\/wp-json\/wp\/v2\/product\/8988","targetHints":{"allow":["GET"]}}],"collection":[{"href":"https:\/\/couffinbebe.com\/wp\/wp-json\/wp\/v2\/product"}],"about":[{"href":"https:\/\/couffinbebe.com\/wp\/wp-json\/wp\/v2\/types\/product"}],"replies":[{"embeddable":true,"href":"https:\/\/couffinbebe.com\/wp\/wp-json\/wp\/v2\/comments?post=8988"}],"version-history":[{"count":1,"href":"https:\/\/couffinbebe.com\/wp\/wp-json\/wp\/v2\/product\/8988\/revisions"}],"predecessor-version":[{"id":8990,"href":"https:\/\/couffinbebe.com\/wp\/wp-json\/wp\/v2\/product\/8988\/revisions\/8990"}],"wp:featuredmedia":[{"embeddable":true,"href":"https:\/\/couffinbebe.com\/wp\/wp-json\/wp\/v2\/media\/8998"}],"wp:attachment":[{"href":"https:\/\/couffinbebe.com\/wp\/wp-json\/wp\/v2\/media?parent=8988"}],"wp:term":[{"taxonomy":"product_brand","embeddable":true,"href":"https:\/\/couffinbebe.com\/wp\/wp-json\/wp\/v2\/product_brand?post=8988"},{"taxonomy":"product_cat","embeddable":true,"href":"https:\/\/couffinbebe.com\/wp\/wp-json\/wp\/v2\/product_cat?post=8988"},{"taxonomy":"product_tag","embeddable":true,"href":"https:\/\/couffinbebe.com\/wp\/wp-json\/wp\/v2\/product_tag?post=8988"}],"curies":[{"name":"wp","href":"https:\/\/api.w.org\/{rel}","templated":true}]}}